{"id":55,"date":"2026-03-18T11:43:34","date_gmt":"2026-03-18T11:43:34","guid":{"rendered":"https:\/\/rysnedu.pro\/?page_id=55"},"modified":"2026-03-18T11:43:41","modified_gmt":"2026-03-18T11:43:41","slug":"widerrufsbelehrung-rueckversand","status":"publish","type":"page","link":"https:\/\/rysnedu.pro\/?page_id=55","title":{"rendered":"Widerrufsbelehrung &amp; R\u00fcckversand"},"content":{"rendered":"\n<p>Diese Richtlinie regelt Ihr gesetzliches Widerrufsrecht f\u00fcr den Kauf von Messern aus unserem sofort verf\u00fcgbaren Bestand in Kiel.<\/p>\n\n\n\n<p><strong>WIDERRUFSRECHT F\u00dcR LAGERWARE<\/strong> Sie haben das Recht, binnen vierzehn Tagen ohne Angabe von Gr\u00fcnden den Kaufvertrag f\u00fcr vorgefertigte Messer zu widerrufen. Die Frist beginnt an dem Tag, an dem Sie die Ware in Besitz genommen haben. Senden Sie uns hierf\u00fcr eine eindeutige Erkl\u00e4rung an <strong>connect@rysnedu.pro<\/strong>. Sie tragen die unmittelbaren Kosten der R\u00fccksendung. Das Messer muss zwingend unbenutzt, ungesch\u00e4rft und sicher in der Originalverpackung (Klingenschutz) retourniert werden.<\/p>\n\n\n\n<p><strong>AUSSCHLUSS DES WIDERRUFSRECHTS BEI MASSANFERTIGUNGEN<\/strong> <strong>Wichtiger rechtlicher Hinweis:<\/strong> Das Widerrufsrecht besteht gem\u00e4\u00df \u00a7 312g Abs. 2 Nr. 1 BGB <strong>nicht<\/strong> bei Vertr\u00e4gen zur Lieferung von Waren, die nicht vorgefertigt sind und f\u00fcr deren Herstellung eine individuelle Auswahl oder Bestimmung durch den Verbraucher ma\u00dfgeblich ist (Custom Knives) oder die eindeutig auf die pers\u00f6nlichen Bed\u00fcrfnisse des Verbrauchers zugeschnitten sind (z. B. angepasste Griffgr\u00f6\u00dfen, Lasergravuren).<\/p>\n","protected":false},"excerpt":{"rendered":"<p>Diese Richtlinie regelt Ihr gesetzliches Widerrufsrecht f\u00fcr den Kauf von Messern aus unserem sofort verf\u00fcgbaren Bestand in Kiel. WIDERRUFSRECHT F\u00dcR LAGERWARE Sie haben das Recht, binnen vierzehn Tagen ohne Angabe von Gr\u00fcnden den Kaufvertrag f\u00fcr vorgefertigte Messer zu widerrufen. Die Frist beginnt<\/p>\n<p class=\"link-more\"><a class=\"myButt three\" href=\"https:\/\/rysnedu.pro\/?page_id=55\">Read More<\/a><\/p>\n","protected":false},"author":1,"featured_media":0,"parent":0,"menu_order":9,"comment_status":"closed","ping_status":"closed","template":"","meta":{"footnotes":""},"class_list":["post-55","page","type-page","status-publish","hentry"],"_links":{"self":[{"href":"https:\/\/rysnedu.pro\/index.php?rest_route=\/wp\/v2\/pages\/55","targetHints":{"allow":["GET"]}}],"collection":[{"href":"https:\/\/rysnedu.pro\/index.php?rest_route=\/wp\/v2\/pages"}],"about":[{"href":"https:\/\/rysnedu.pro\/index.php?rest_route=\/wp\/v2\/types\/page"}],"author":[{"embeddable":true,"href":"https:\/\/rysnedu.pro\/index.php?rest_route=\/wp\/v2\/users\/1"}],"replies":[{"embeddable":true,"href":"https:\/\/rysnedu.pro\/index.php?rest_route=%2Fwp%2Fv2%2Fcomments&post=55"}],"version-history":[{"count":1,"href":"https:\/\/rysnedu.pro\/index.php?rest_route=\/wp\/v2\/pages\/55\/revisions"}],"predecessor-version":[{"id":56,"href":"https:\/\/rysnedu.pro\/index.php?rest_route=\/wp\/v2\/pages\/55\/revisions\/56"}],"wp:attachment":[{"href":"https:\/\/rysnedu.pro\/index.php?rest_route=%2Fwp%2Fv2%2Fmedia&parent=55"}],"curies":[{"name":"wp","href":"https:\/\/api.w.org\/{rel}","templated":true}]}}